{"id":1456,"date":"2026-04-16T18:00:31","date_gmt":"2026-04-16T21:00:31","guid":{"rendered":"https:\/\/www.jogosdorei.com.br\/blog\/guia-rapido-ligas-jdr-2\/"},"modified":"2026-04-16T18:00:31","modified_gmt":"2026-04-16T21:00:31","slug":"guia-rapido-ligas-jdr-2","status":"publish","type":"page","link":"https:\/\/www.jogosdorei.com.br\/blog\/guia-rapido-ligas-jdr-2\/","title":{"rendered":"Guia r\u00e1pido: como evoluir nas ligas do Jogos do Rei"},"content":{"rendered":"<p>Se voc\u00ea quer subir de liga no Jogos do Rei, este material resume o que mais pesa no ranking semanal e como evoluir sem desperdi\u00e7ar pontos.<\/p>\n<p><strong>Baixar o PDF:<\/strong> <a href=\"https:\/\/kingus-blog.s3.amazonaws.com\/blog\/wp-content\/uploads\/2026\/04\/16175944\/guia-rapido-ligas-jdr.pdf\">Guia r\u00e1pido: como evoluir nas ligas do JdR<\/a><\/p>\n<h2>O que voc\u00ea vai ver<\/h2>\n<ul>\n<li>como funciona a progress\u00e3o das ligas;<\/li>\n<li>o que mais pesa no ranking semanal;<\/li>\n<li>como evitar perder pontos \u00e0 toa;<\/li>\n<li>como usar melhor as primeiras partidas do dia;<\/li>\n<li>onde acompanhar sua evolu\u00e7\u00e3o.<\/li>\n<\/ul>\n<p>Se quiser o contexto completo, leia tamb\u00e9m o artigo do blog: <a href=\"https:\/\/www.jogosdorei.com.br\/blog\/2026\/04\/15\/como-funcionam-ligas-ranking-evolucao-jogos-do-rei\/\">Como funcionam as ligas, ranking e evolu\u00e7\u00e3o no Jogos do Rei<\/a>.<\/p>\n<p><a href=\"https:\/\/www.jogosdorei.com.br\/cadastro.php?bgr=9\">Jogar no Jogos do Rei<\/a><\/p>\n","protected":false},"excerpt":{"rendered":"Se voc\u00ea quer subir de liga no Jogos do Rei, este material resume o que mais pesa no ranking semanal e como evoluir sem desperdi\u00e7ar pontos. Baixar o PDF: Guia r\u00e1pido: como evoluir nas ligas do JdR O que voc\u00ea ","protected":false},"author":3,"featured_media":0,"parent":0,"menu_order":0,"comment_status":"closed","ping_status":"closed","template":"","meta":{"_monsterinsights_skip_tracking":false,"_monsterinsights_sitenote_active":false,"_monsterinsights_sitenote_note":"","_monsterinsights_sitenote_category":0,"footnotes":""},"class_list":["post-1456","page","type-page","status-publish","hentry"],"yoast_head":"<!-- This site is optimized with the Yoast SEO plugin v24.4 - https:\/\/yoast.com\/wordpress\/plugins\/seo\/ -->\n<title>Guia r\u00e1pido: como evoluir nas ligas do Jogos do Rei - Blog Jogos do Rei \u2014 Dicas de Buraco, Truco e Tranca<\/title>\n<meta name=\"robots\" content=\"index, follow, max-snippet:-1, max-image-preview:large, max-video-preview:-1\" \/>\n<link rel=\"canonical\" href=\"https:\/\/www.jogosdorei.com.br\/blog\/guia-rapido-ligas-jdr-2\/\" \/>\n<meta property=\"og:locale\" content=\"pt_BR\" \/>\n<meta property=\"og:type\" content=\"article\" \/>\n<meta property=\"og:title\" content=\"Guia r\u00e1pido: como evoluir nas ligas do Jogos do Rei - Blog Jogos do Rei \u2014 Dicas de Buraco, Truco e Tranca\" \/>\n<meta property=\"og:description\" content=\"Se voc\u00ea quer subir de liga no Jogos do Rei, este material resume o que mais pesa no ranking semanal e como evoluir sem desperdi\u00e7ar pontos. Baixar o PDF: Guia r\u00e1pido: como evoluir nas ligas do JdR O que voc\u00ea\" \/>\n<meta property=\"og:url\" content=\"https:\/\/www.jogosdorei.com.br\/blog\/guia-rapido-ligas-jdr-2\/\" \/>\n<meta property=\"og:site_name\" content=\"Blog Jogos do Rei \u2014 Dicas de Buraco, Truco e Tranca\" \/>\n<meta name=\"twitter:card\" content=\"summary_large_image\" \/>\n<meta name=\"twitter:label1\" content=\"Est. reading time\" \/>\n\t<meta name=\"twitter:data1\" content=\"1 minute\" \/>\n<script type=\"application\/ld+json\" class=\"yoast-schema-graph\">{\"@context\":\"https:\/\/schema.org\",\"@graph\":[{\"@type\":\"WebPage\",\"@id\":\"https:\/\/www.jogosdorei.com.br\/blog\/guia-rapido-ligas-jdr-2\/\",\"url\":\"https:\/\/www.jogosdorei.com.br\/blog\/guia-rapido-ligas-jdr-2\/\",\"name\":\"Guia r\u00e1pido: como evoluir nas ligas do Jogos do Rei - Blog Jogos do Rei \u2014 Dicas de Buraco, Truco e Tranca\",\"isPartOf\":{\"@id\":\"https:\/\/www.jogosdorei.com.br\/blog\/#website\"},\"datePublished\":\"2026-04-16T21:00:31+00:00\",\"breadcrumb\":{\"@id\":\"https:\/\/www.jogosdorei.com.br\/blog\/guia-rapido-ligas-jdr-2\/#breadcrumb\"},\"inLanguage\":\"pt-BR\",\"potentialAction\":[{\"@type\":\"ReadAction\",\"target\":[\"https:\/\/www.jogosdorei.com.br\/blog\/guia-rapido-ligas-jdr-2\/\"]}]},{\"@type\":\"BreadcrumbList\",\"@id\":\"https:\/\/www.jogosdorei.com.br\/blog\/guia-rapido-ligas-jdr-2\/#breadcrumb\",\"itemListElement\":[{\"@type\":\"ListItem\",\"position\":1,\"name\":\"Home\",\"item\":\"https:\/\/www.jogosdorei.com.br\/blog\/\"},{\"@type\":\"ListItem\",\"position\":2,\"name\":\"Guia r\u00e1pido: como evoluir nas ligas do Jogos do Rei\"}]},{\"@type\":\"WebSite\",\"@id\":\"https:\/\/www.jogosdorei.com.br\/blog\/#website\",\"url\":\"https:\/\/www.jogosdorei.com.br\/blog\/\",\"name\":\"Blog Jogos do Rei \u2014 Dicas de Buraco, Truco e Tranca\",\"description\":\"Aprenda estrat\u00e9gias, regras e curiosidades sobre Buraco, Truco, Tranca e Canastra. Dicas para todos os n\u00edveis, do iniciante ao jogador experiente.\",\"potentialAction\":[{\"@type\":\"SearchAction\",\"target\":{\"@type\":\"EntryPoint\",\"urlTemplate\":\"https:\/\/www.jogosdorei.com.br\/blog\/?s={search_term_string}\"},\"query-input\":{\"@type\":\"PropertyValueSpecification\",\"valueRequired\":true,\"valueName\":\"search_term_string\"}}],\"inLanguage\":\"pt-BR\"}]}<\/script>\n<!-- \/ Yoast SEO plugin. -->","yoast_head_json":{"title":"Guia r\u00e1pido: como evoluir nas ligas do Jogos do Rei - Blog Jogos do Rei \u2014 Dicas de Buraco, Truco e Tranca","robots":{"index":"index","follow":"follow","max-snippet":"max-snippet:-1","max-image-preview":"max-image-preview:large","max-video-preview":"max-video-preview:-1"},"canonical":"https:\/\/www.jogosdorei.com.br\/blog\/guia-rapido-ligas-jdr-2\/","og_locale":"pt_BR","og_type":"article","og_title":"Guia r\u00e1pido: como evoluir nas ligas do Jogos do Rei - Blog Jogos do Rei \u2014 Dicas de Buraco, Truco e Tranca","og_description":"Se voc\u00ea quer subir de liga no Jogos do Rei, este material resume o que mais pesa no ranking semanal e como evoluir sem desperdi\u00e7ar pontos. Baixar o PDF: Guia r\u00e1pido: como evoluir nas ligas do JdR O que voc\u00ea","og_url":"https:\/\/www.jogosdorei.com.br\/blog\/guia-rapido-ligas-jdr-2\/","og_site_name":"Blog Jogos do Rei \u2014 Dicas de Buraco, Truco e Tranca","twitter_card":"summary_large_image","twitter_misc":{"Est. reading time":"1 minute"},"schema":{"@context":"https:\/\/schema.org","@graph":[{"@type":"WebPage","@id":"https:\/\/www.jogosdorei.com.br\/blog\/guia-rapido-ligas-jdr-2\/","url":"https:\/\/www.jogosdorei.com.br\/blog\/guia-rapido-ligas-jdr-2\/","name":"Guia r\u00e1pido: como evoluir nas ligas do Jogos do Rei - Blog Jogos do Rei \u2014 Dicas de Buraco, Truco e Tranca","isPartOf":{"@id":"https:\/\/www.jogosdorei.com.br\/blog\/#website"},"datePublished":"2026-04-16T21:00:31+00:00","breadcrumb":{"@id":"https:\/\/www.jogosdorei.com.br\/blog\/guia-rapido-ligas-jdr-2\/#breadcrumb"},"inLanguage":"pt-BR","potentialAction":[{"@type":"ReadAction","target":["https:\/\/www.jogosdorei.com.br\/blog\/guia-rapido-ligas-jdr-2\/"]}]},{"@type":"BreadcrumbList","@id":"https:\/\/www.jogosdorei.com.br\/blog\/guia-rapido-ligas-jdr-2\/#breadcrumb","itemListElement":[{"@type":"ListItem","position":1,"name":"Home","item":"https:\/\/www.jogosdorei.com.br\/blog\/"},{"@type":"ListItem","position":2,"name":"Guia r\u00e1pido: como evoluir nas ligas do Jogos do Rei"}]},{"@type":"WebSite","@id":"https:\/\/www.jogosdorei.com.br\/blog\/#website","url":"https:\/\/www.jogosdorei.com.br\/blog\/","name":"Blog Jogos do Rei \u2014 Dicas de Buraco, Truco e Tranca","description":"Aprenda estrat\u00e9gias, regras e curiosidades sobre Buraco, Truco, Tranca e Canastra. Dicas para todos os n\u00edveis, do iniciante ao jogador experiente.","potentialAction":[{"@type":"SearchAction","target":{"@type":"EntryPoint","urlTemplate":"https:\/\/www.jogosdorei.com.br\/blog\/?s={search_term_string}"},"query-input":{"@type":"PropertyValueSpecification","valueRequired":true,"valueName":"search_term_string"}}],"inLanguage":"pt-BR"}]}},"_links":{"self":[{"href":"https:\/\/www.jogosdorei.com.br\/blog\/wp-json\/wp\/v2\/pages\/1456","targetHints":{"allow":["GET"]}}],"collection":[{"href":"https:\/\/www.jogosdorei.com.br\/blog\/wp-json\/wp\/v2\/pages"}],"about":[{"href":"https:\/\/www.jogosdorei.com.br\/blog\/wp-json\/wp\/v2\/types\/page"}],"author":[{"embeddable":true,"href":"https:\/\/www.jogosdorei.com.br\/blog\/wp-json\/wp\/v2\/users\/3"}],"replies":[{"embeddable":true,"href":"https:\/\/www.jogosdorei.com.br\/blog\/wp-json\/wp\/v2\/comments?post=1456"}],"version-history":[{"count":0,"href":"https:\/\/www.jogosdorei.com.br\/blog\/wp-json\/wp\/v2\/pages\/1456\/revisions"}],"wp:attachment":[{"href":"https:\/\/www.jogosdorei.com.br\/blog\/wp-json\/wp\/v2\/media?parent=1456"}],"curies":[{"name":"wp","href":"https:\/\/api.w.org\/{rel}","templated":true}]}}